{"id":75,"date":"2022-01-07T17:27:38","date_gmt":"2022-01-07T16:27:38","guid":{"rendered":"http:\/\/seftiminternational.com\/?page_id=75"},"modified":"2022-01-07T20:04:45","modified_gmt":"2022-01-07T19:04:45","slug":"qui-pourquoi-comment-who-why-how","status":"publish","type":"page","link":"https:\/\/seftiminternational.com\/index.php\/qui-pourquoi-comment-who-why-how\/","title":{"rendered":"Qui? Pourquoi? Comment? Who? Why? How?"},"content":{"rendered":"\n<p><strong>SEFTIM a \u00e9t\u00e9 cr\u00e9\u00e9e en 1969 et donc a plus de 50 ans d&#8217;exp\u00e9rience. Depuis son origine SEFTIM a travaill\u00e9 dans le domaine de la protection foudre et de la CEM. A l&#8217;origine c&#8217;\u00e9tait pour traiter des probl\u00e8mes d&#8217;avions et d&#8217;\u00e9lectronique embarqu\u00e9e mais depuis SEFTIM s&#8217;est d\u00e9velopp\u00e9e dans la protection des structures au sol et surtout la protection des personnes.<\/strong><\/p>\n\n\n\n<p><strong>Les activit\u00e9s de protection foudre de SEFTIM couvrent tous les domaines industriels (\u00e9lectrcit\u00e9, t\u00e9l\u00e9com, \u00e9nergie renouvelable, p\u00e9tr\u00f4le, gas, chimie, explosif et munition, radar &#8230;) mais aussi dans les domaines o\u00f9 le public est pr\u00e9sent en nombre (stade, parc de loisir, bureaux, tours de grande hauteur, golf, h\u00f4tel&#8230;) ou encore dans le patrimoine (mus\u00e9e, ch\u00e2teau, far\u00e9 &#8230;)<\/strong>.<\/p>\n\n\n\n<p><strong>Fort d&#8217;une longue exp\u00e9rience valid\u00e9e sur le terrain, d&#8217;une ma\u00eetrise des normes, d&#8217;une \u00e9quipe sp\u00e9cialis\u00e9e, de moyens d&#8217;essais et de simulations ainsi que de logiciels que nouvs avons fait d\u00e9velopper et en s&#8217;appuyant sur un r\u00e9seau de partenaires (laboratoires, universit\u00e9s, sp\u00e9cialistes r\u00e9gionaux &#8230;) les \u00e9tudes les plus usuelles ou les plus compliqu\u00e9es sont depuis toujours dans le domaine d&#8217;application de SEFTIM et ceci m\u00eame en zone tr\u00e8s foudroy\u00e9e.<\/strong><\/p>\n\n\n\n<p><strong>SEFTIM met a disposition in expertise ind\u00e9pendante dans le domaine de la foudre et de la CEM. Nos solutions r\u00e9pondent \u00e0 vos besoins, rien de plus et rien de moins, et s&#8217;adaptent \u00e0 vos budgets en utilisant les m\u00e9thodes d&#8217;analyse des risques les plus adapt\u00e9es. Mieux vaut une protection \u00e0 80% rentrant dans le budget existant que pas de protection du tout<\/strong>.<\/p>\n\n\n\n<p><strong>SEFTIM intervient pour<\/strong>:<\/p>\n\n\n\n<ul><li><span style=\"color:#000aa3\" class=\"has-inline-color\">prise en compte du risque humaine dans et hors des structures, d\u00e9finition des politiques de s\u00e9curit\u00e9 li\u00e9es au risque foudre<\/span><\/li><li><span style=\"color:#000aa3\" class=\"has-inline-color\">analyse du risque foudre pour d\u00e9finir le besoin<\/span><\/li><li><span style=\"color:#000aa3\" class=\"has-inline-color\">d\u00e9finition des moyens de protection adapt\u00e9s pour r\u00e9duire le risque foudre<\/span><\/li><li><span style=\"color:#000aa3\" class=\"has-inline-color\">prise en compte et d\u00e9finition des moyens de d\u00e9tection des orages pour r\u00e9duire le risque foudre et proc\u00e9dures associ\u00e9es<\/span><\/li><li><span style=\"color:#000aa3\" class=\"has-inline-color\">mod\u00e9lisation et mesure en basse et haute fr\u00e9quence des prises de terre<\/span><\/li><li><span style=\"color:#000aa3\" class=\"has-inline-color\">r\u00e9solution de probl\u00e8mes foudre ou CEM (compatibilit\u00e9 \u00e9lectromagn\u00e9tique) sur le terrain<\/span><\/li><li><span style=\"color:#000aa3\" class=\"has-inline-color\">d\u00e9finition des parafoudres n\u00e9cessaires et de leur mise en oeuvre<\/span><\/li><li><span style=\"color:#000aa3\" class=\"has-inline-color\">mesure de l&#8217;efficacit\u00e9 du blindage des b\u00e2timents vis-\u00e0-vis de la contraintes foudre<\/span><\/li><li><span style=\"color:#000aa3\" class=\"has-inline-color\">expertise apr\u00e8s incident<\/span><\/li><li><span style=\"color:#000aa3\" class=\"has-inline-color\">transfert de comp\u00e9tence et formations<\/span><\/li><\/ul>\n\n\n\n<figure class=\"wp-block-image size-large\"><img loading=\"lazy\" width=\"1024\" height=\"368\" src=\"http:\/\/seftiminternational.com\/wp-content\/uploads\/2022\/01\/FoudreBanniere-1024x368.jpg\" alt=\"\" class=\"wp-image-77\" srcset=\"https:\/\/seftiminternational.com\/wp-content\/uploads\/2022\/01\/FoudreBanniere-1024x368.jpg 1024w, https:\/\/seftiminternational.com\/wp-content\/uploads\/2022\/01\/FoudreBanniere-300x108.jpg 300w, https:\/\/seftiminternational.com\/wp-content\/uploads\/2022\/01\/FoudreBanniere-768x276.jpg 768w, https:\/\/seftiminternational.com\/wp-content\/uploads\/2022\/01\/FoudreBanniere-1536x553.jpg 1536w, https:\/\/seftiminternational.com\/wp-content\/uploads\/2022\/01\/FoudreBanniere-2048x737.jpg 2048w, https:\/\/seftiminternational.com\/wp-content\/uploads\/2022\/01\/FoudreBanniere-421x151.jpg 421w\" sizes=\"(max-width: 1024px) 100vw, 1024px\" \/><\/figure>\n\n\n\n<pre id=\"tw-target-text\" class=\"wp-block-preformatted\"><em><strong>SEFTIM was created in 1969 and therefore has more than 50 years of experience. Since its origin SEFTIM has worked in the field of lightning protection and EMC. Originally it was to deal with aircraft and on-board electronics problems, but since then SEFTIM has developed into the protection of ground structures and especially the protection of people<\/strong>.<\/em><\/pre>\n\n\n\n<pre id=\"block-63798947-70bf-4843-b5cb-4826ebd05458\" class=\"wp-block-preformatted\"><em><strong>SEFTIM's lightning protection activities cover all industrial areas (electricity, telecom, renewable energy, petroleum, gas, chemicals, explosives and munitions, radar, etc.) but also in areas where the public is present in large numbers (stadium, leisure park, offices, high-rise towers, golf, hotel ...) or even in the heritage (museum, castle, far\u00e9 ...).<\/strong><\/em><\/pre>\n\n\n\n<pre id=\"block-63798947-70bf-4843-b5cb-4826ebd05458\" class=\"wp-block-preformatted\"><strong>W<em>ith a long experience validated in the field, a mastery of standards, a specialized team, testing and simulation resources as well as software that we have newly developed and based on a network of partners (laboratories, universities, regional specialists ...) the most usual or the most complicated studies have always been in the field of application of SEFTIM and this even in very lightning areas.<\/em><\/strong><em> <\/em><\/pre>\n\n\n\n<pre id=\"block-eecb4e11-821f-409e-910d-d6a1b34c613e\" class=\"wp-block-preformatted\"><em><strong>SEFTIM provides independent expertise in the field of lightning and EMC. Our solutions meet your needs, nothing more and nothing less, and adapt to your budgets using the most appropriate risk analysis methods. Better 80% protection within the existing budget than no protection at all.<\/strong><\/em><\/pre>\n\n\n\n<pre id=\"block-7fb07768-3cfc-4b0d-b674-a6f69663aa26\" class=\"wp-block-preformatted\"><em>S<strong>EFTIM intervenes for:<\/strong><\/em><\/pre>\n\n\n\n<ul><li><span style=\"color:#0006a3\" class=\"has-inline-color\"><em>consideration of human risk inside and outside structures, definition of security policies related to lightning risk<\/em><\/span><\/li><li><span style=\"color:#0006a3\" class=\"has-inline-color\"><em>lightning risk analysis to define the need<\/em><\/span><\/li><li><span style=\"color:#0006a3\" class=\"has-inline-color\"><em>definition of the appropriate means of protection to reduce the lightning risk<\/em><\/span><\/li><li><span style=\"color:#0006a3\" class=\"has-inline-color\"><em>consideration and definition of thunderstorm detection means to reduce the lightning risk and associated procedures<\/em><\/span><\/li><li><span style=\"color:#0006a3\" class=\"has-inline-color\"><em>modeling and low and high frequency measurement of earth electrodes<\/em><\/span><\/li><li><span style=\"color:#0006a3\" class=\"has-inline-color\"><em>resolution of lightning or EMC (electromagnetic compatibility) problems in the field<\/em><\/span><\/li><li><span style=\"color:#0006a3\" class=\"has-inline-color\"><em>definition of the necessary SPDs (surge protective device) and their implementation<\/em><\/span><\/li><li><span style=\"color:#0006a3\" class=\"has-inline-color\"><em>measurement of the effectiveness of the shielding of buildings with regard to lightning constraints<\/em><\/span><\/li><li><span style=\"color:#0006a3\" class=\"has-inline-color\"><em>post-incident expertise<\/em><\/span><\/li><li><span style=\"color:#0006a3\" class=\"has-inline-color\"><em>skills transfer and training<\/em><\/span><\/li><\/ul>\n","protected":false},"excerpt":{"rendered":"<p>SEFTIM a \u00e9t\u00e9 cr\u00e9\u00e9e en 1969 et donc a plus de 50 ans d&#8217;exp\u00e9rience. Depuis son origine SEFTIM a travaill\u00e9 dans le domaine de la &hellip;<\/p>\n","protected":false},"author":1,"featured_media":0,"parent":0,"menu_order":0,"comment_status":"closed","ping_status":"closed","template":"","meta":[],"_links":{"self":[{"href":"https:\/\/seftiminternational.com\/index.php\/wp-json\/wp\/v2\/pages\/75"}],"collection":[{"href":"https:\/\/seftiminternational.com\/index.php\/wp-json\/wp\/v2\/pages"}],"about":[{"href":"https:\/\/seftiminternational.com\/index.php\/wp-json\/wp\/v2\/types\/page"}],"author":[{"embeddable":true,"href":"https:\/\/seftiminternational.com\/index.php\/wp-json\/wp\/v2\/users\/1"}],"replies":[{"embeddable":true,"href":"https:\/\/seftiminternational.com\/index.php\/wp-json\/wp\/v2\/comments?post=75"}],"version-history":[{"count":3,"href":"https:\/\/seftiminternational.com\/index.php\/wp-json\/wp\/v2\/pages\/75\/revisions"}],"predecessor-version":[{"id":81,"href":"https:\/\/seftiminternational.com\/index.php\/wp-json\/wp\/v2\/pages\/75\/revisions\/81"}],"wp:attachment":[{"href":"https:\/\/seftiminternational.com\/index.php\/wp-json\/wp\/v2\/media?parent=75"}],"curies":[{"name":"wp","href":"https:\/\/api.w.org\/{rel}","templated":true}]}}