{"id":2,"date":"2021-06-01T10:51:44","date_gmt":"2021-06-01T08:51:44","guid":{"rendered":"http:\/\/seftiminternational.com\/?page_id=2"},"modified":"2022-01-07T16:34:35","modified_gmt":"2022-01-07T15:34:35","slug":"page-d-exemple","status":"publish","type":"page","link":"https:\/\/seftiminternational.com\/index.php\/page-d-exemple\/","title":{"rendered":"SEFTIM Worldwide"},"content":{"rendered":"\n<p><span class=\"has-inline-color has-headings-color\"><strong>SEFTIM est pr\u00e9sente dans le monde entier pour \u00eatre plus proche des besoins de ses clients. Le site SEFTIMinternational.com est g\u00e9r\u00e9 directement par chacun des responsables de sites. Il est donc majoritairement dans la langue du pays avec quand n\u00e9cessaire des informations en anglais et\/ou en fran\u00e7ais<\/strong>.<\/span><\/p>\n\n\n\n<p><strong>Les pays\/r\u00e9gion dans lequel SEFTIM est pr\u00e9sent pour le moment sont list\u00e9s ci-dessous. Les sites fran\u00e7ais (m\u00e9tropole et DROM\/COM) apparaissent sur le site <a rel=\"noreferrer noopener\" href=\"http:\/\/www.seftim.com\/\" target=\"_blank\">seftim.com<\/a><\/strong><\/p>\n\n\n\n<div class=\"wp-block-image is-style-default\"><figure class=\"aligncenter size-full\"><img loading=\"lazy\" width=\"588\" height=\"560\" src=\"http:\/\/seftiminternational.com\/wp-content\/uploads\/2022\/01\/County-list.jpg\" alt=\"\" class=\"wp-image-51\" srcset=\"https:\/\/seftiminternational.com\/wp-content\/uploads\/2022\/01\/County-list.jpg 588w, https:\/\/seftiminternational.com\/wp-content\/uploads\/2022\/01\/County-list-300x286.jpg 300w, https:\/\/seftiminternational.com\/wp-content\/uploads\/2022\/01\/County-list-315x300.jpg 315w\" sizes=\"(max-width: 588px) 100vw, 588px\" \/><\/figure><\/div>\n\n\n\n<pre id=\"tw-target-text\" class=\"wp-block-preformatted\"><strong><em>SEFTIM is present all over the world to be closer to the needs of its customers. The SEFTIMinternational.com site is managed directly by each site manager. It is therefore mainly in the language of the country with, when necessary, information in English and \/ or French.<\/em>\n<\/strong><em><strong>The countries \/ region in which SEFTIM is present at the moment are listed below. The French sites (metropolitan area and DROM \/ COM) appear on the <a rel=\"noreferrer noopener\" href=\"http:\/\/www.seftim.com\" target=\"_blank\">seftim.com<\/a> site<\/strong><\/em><\/pre>\n\n\n\n<p><\/p>\n\n\n\n<div class=\"wp-block-image\"><figure class=\"aligncenter size-large\"><img loading=\"lazy\" width=\"1024\" height=\"670\" src=\"http:\/\/seftiminternational.com\/wp-content\/uploads\/2022\/01\/SEFTIM-Worldwide-1024x670.jpg\" alt=\"\" class=\"wp-image-44\" srcset=\"https:\/\/seftiminternational.com\/wp-content\/uploads\/2022\/01\/SEFTIM-Worldwide-1024x670.jpg 1024w, https:\/\/seftiminternational.com\/wp-content\/uploads\/2022\/01\/SEFTIM-Worldwide-300x196.jpg 300w, https:\/\/seftiminternational.com\/wp-content\/uploads\/2022\/01\/SEFTIM-Worldwide-768x503.jpg 768w, https:\/\/seftiminternational.com\/wp-content\/uploads\/2022\/01\/SEFTIM-Worldwide-421x276.jpg 421w, https:\/\/seftiminternational.com\/wp-content\/uploads\/2022\/01\/SEFTIM-Worldwide.jpg 1063w\" sizes=\"(max-width: 1024px) 100vw, 1024px\" \/><\/figure><\/div>\n","protected":false},"excerpt":{"rendered":"<p>SEFTIM est pr\u00e9sente dans le monde entier pour \u00eatre plus proche des besoins de ses clients. Le site SEFTIMinternational.com est g\u00e9r\u00e9 directement par chacun des &hellip;<\/p>\n","protected":false},"author":1,"featured_media":0,"parent":0,"menu_order":0,"comment_status":"closed","ping_status":"open","template":"","meta":[],"_links":{"self":[{"href":"https:\/\/seftiminternational.com\/index.php\/wp-json\/wp\/v2\/pages\/2"}],"collection":[{"href":"https:\/\/seftiminternational.com\/index.php\/wp-json\/wp\/v2\/pages"}],"about":[{"href":"https:\/\/seftiminternational.com\/index.php\/wp-json\/wp\/v2\/types\/page"}],"author":[{"embeddable":true,"href":"https:\/\/seftiminternational.com\/index.php\/wp-json\/wp\/v2\/users\/1"}],"replies":[{"embeddable":true,"href":"https:\/\/seftiminternational.com\/index.php\/wp-json\/wp\/v2\/comments?post=2"}],"version-history":[{"count":8,"href":"https:\/\/seftiminternational.com\/index.php\/wp-json\/wp\/v2\/pages\/2\/revisions"}],"predecessor-version":[{"id":61,"href":"https:\/\/seftiminternational.com\/index.php\/wp-json\/wp\/v2\/pages\/2\/revisions\/61"}],"wp:attachment":[{"href":"https:\/\/seftiminternational.com\/index.php\/wp-json\/wp\/v2\/media?parent=2"}],"curies":[{"name":"wp","href":"https:\/\/api.w.org\/{rel}","templated":true}]}}